{"id":3177,"date":"2024-06-21T13:34:28","date_gmt":"2024-06-21T11:34:28","guid":{"rendered":"https:\/\/peru-net.de\/tc\/"},"modified":"2025-01-16T18:05:24","modified_gmt":"2025-01-16T17:05:24","slug":"tc","status":"publish","type":"page","link":"https:\/\/peru-net.de\/es\/tc\/","title":{"rendered":"T&amp;C"},"content":{"rendered":"\t\t<div data-elementor-type=\"wp-post\" data-elementor-id=\"3177\" class=\"elementor elementor-3177 elementor-2785\">\n\t\t\t\t\t\t<div class=\"elementor-section elementor-top-section elementor-element elementor-element-1792e3e elementor-section-boxed elementor-section-height-default elementor-section-height-default rt-parallax-bg-no\" data-id=\"1792e3e\" data-element_type=\"section\">\n\t\t\t\t\t\t<div class=\"elementor-container elementor-column-gap-default\">\n\t\t\t\t\t<div class=\"elementor-column elementor-col-100 elementor-top-column elementor-element elementor-element-2eb78f4\" data-id=\"2eb78f4\" data-element_type=\"column\">\n\t\t\t<div class=\"elementor-widget-wrap elementor-element-populated\">\n\t\t\t\t\t\t<div class=\"elementor-element elementor-element-201b6aa elementor-widget elementor-widget-heading\" data-id=\"201b6aa\" data-element_type=\"widget\" data-widget_type=\"heading.default\">\n\t\t\t\t<div class=\"elementor-widget-container\">\n\t\t\t\t\t<h3 class=\"elementor-heading-title elementor-size-default\">T\u00e9rminos y condiciones<\/h3>\t\t\t\t<\/div>\n\t\t\t\t<\/div>\n\t\t\t\t<div class=\"elementor-element elementor-element-6c82312 elementor-widget elementor-widget-text-editor\" data-id=\"6c82312\" data-element_type=\"widget\" data-widget_type=\"text-editor.default\">\n\t\t\t\t<div class=\"elementor-widget-container\">\n\t\t\t\t\t\t\t\t\t<p><strong>1. \u00c1mbito de aplicaci\u00f3n<\/strong><\/p><p>Estos T\u00e9rminos y Condiciones Generales se aplican a todos los contratos celebrados entre Peru-Net y Relaciones jur\u00eddicas que surgen entre las empresas del grupo de empresas Ehrsam Peru-Consult GmbH (en adelante, &#8220;Peru-Net&#8221;) y el usuario de la oferta de Peru-Net (en adelante, &#8220;Usuario&#8221;) en el contexto del uso de las bases de datos de productos y servicios (en adelante denominadas la \u201cBase de Datos\u201d).<\/p><p><strong>2. Servicios de Peru-Net<\/strong><\/p><p>2.1. Peru-Net re\u00fane a proveedores y compradores de bienes y servicios de personas y empresas comercialmente activas de Per\u00fa y Alemania a trav\u00e9s de Internet en la plataforma disponible en www.peru-net.de. Para tal efecto, se da al usuario la posibilidad, de conformidad con el apartado 4, de cargar contenidos propios a la plataforma y\/o acceder a contenidos de terceros de conformidad con los apartados 8.2 y siguientes.<br \/>2.2. La gama de servicios incluye tambi\u00e9n un servicio de informaci\u00f3n disponible exclusivamente para usuarios registrados, que proporciona al usuario ofertas de productos actuales en relaci\u00f3n con las consultas de b\u00fasqueda realizadas mientras est\u00e1 conectado. Los datos no se ceder\u00e1n a terceros salvo consentimiento expreso del usuario. Si el usuario cambia su consulta de b\u00fasqueda, el bolet\u00edn se ajusta autom\u00e1ticamente. Sin embargo, el usuario tambi\u00e9n puede cambiar sus preferencias de newsletter en su cuenta de usuario en cualquier momento o cancelar este servicio por completo.<br \/>2.3. El mercado en l\u00ednea Peru-Net tambi\u00e9n ofrece diversos servicios relacionados, los cuales tambi\u00e9n est\u00e1n sujetos a estos T\u00e9rminos y Condiciones, a menos que se acuerde lo contrario.<\/p><p><strong>3. Registro por parte del usuario<\/strong><\/p><p>3.1. El uso de ciertos servicios de Peru-Net requiere el registro del usuario en el sitio web de Peru-Net. El registro s\u00f3lo estar\u00e1 permitido a usuarios mayores de edad y con plena capacidad jur\u00eddica. S\u00f3lo los usuarios registrados pueden publicar anuncios en la base de datos de Peru-Net.<br \/>3.2. Al registrarse, el usuario deber\u00e1 proporcionar su nombre, direcci\u00f3n de correo electr\u00f3nico, nombre de usuario y contrase\u00f1a. El registro es obligatorio utilizando su nombre real. Adem\u00e1s del nombre real, el usuario puede elegir un nombre de usuario con el que podr\u00e1 comunicarse visiblemente con otros usuarios de la plataforma. No se permiten registros m\u00faltiples de un usuario.<br \/>3.3. La direcci\u00f3n de correo electr\u00f3nico o nombre de usuario y contrase\u00f1a son los datos de acceso para utilizar los servicios de Peru-Net que requieren registro. El usuario deber\u00e1 mantener en secreto la contrase\u00f1a y no podr\u00e1 transmitirla a terceros. Si terceros conocen la contrase\u00f1a del usuario, \u00e9ste deber\u00e1 comunicarlo inmediatamente a Peru-Net y cambiar la contrase\u00f1a.<br \/>3.4. Nuestra informaci\u00f3n de protecci\u00f3n de datos se aplica a los datos personales del usuario recopilados durante el registro. Disponible en <a href=\"https:\/\/peru-net.de\/es\/proteccion-de-datos\/\">AQU\u00cd ENLACE PROTECCI\u00d3N DE DATOS<\/a><\/p><p>\u00a0<\/p><p><strong>4. Agregar contenido a la base de datos<\/strong><\/p><p>Al transmitir los datos de registro y el contenido que se pretende incluir en la base de datos, el usuario hace una oferta a Peru-Net para celebrar un contrato de inclusi\u00f3n temporal y puesta a disposici\u00f3n del contenido en la base de datos. Peru-Net decidir\u00e1 si acepta la oferta luego de recibirla. La aceptaci\u00f3n de la oferta se produce mediante la inclusi\u00f3n del contenido en la base de datos. Peru-Net tiene derecho, pero no obligaci\u00f3n, de distribuir el contenido publicado en l\u00ednea y en forma impresa a trav\u00e9s de bolsas comerciales colaboradoras y otros socios sin cargo para el usuario.<\/p><p><strong>5. Informaci\u00f3n y obligaciones de los proveedores<\/strong><\/p><p>5.1. Los usuarios que publicitan bienes o servicios en el marco de Peru-Net (en adelante denominados \u201cproveedores\u201d) se comprometen a publicar \u00fanicamente ofertas serias, a recopilar de forma cuidadosa y veraz la informaci\u00f3n sobre la oferta enviada a Peru-Net y a desactivarla inmediatamente si El objeto ofrecido ya no est\u00e1 disponible. Se proh\u00edbe expresamente la reventa comercial de espacios y cupos publicitarios u otros servicios ofrecidos por Peru-Net. Tampoco est\u00e1 permitido el uso o uso compartido de la cuenta por parte de terceros, en particular otros proveedores, a menos que se acuerde expresamente lo contrario.<br \/>5.2. Las ofertas dise\u00f1adas con el \u00fanico fin de atraer la atenci\u00f3n de clientes potenciales se consideran abuso. Este tipo de ofertas se dan especialmente en los siguientes casos:<br \/>a. Informaci\u00f3n falsa y\/o incorrecta en la oferta<br \/>b. M\u00faltiples configuraciones de la misma oferta,<br \/>do. Los anuncios (no los perfiles) se utilizan indebidamente como espacio publicitario para la propia empresa,<br \/>d. Los buscadores se enteran de una oferta a trav\u00e9s de informaci\u00f3n vaga o incluso falsa.<br \/>(esto incluye ofertas incompletas o incorrectas),<br \/>mi. Remisi\u00f3n de interesados \u200b\u200ba servicios de pago de Internet o de tel\u00e9fono (en particular n\u00fameros 0190 o 0900),<br \/>f. Los datos de la empresa o de contacto solo se revelar\u00e1n despu\u00e9s del pago del registro.<br \/>Estos dise\u00f1os de ofertas representan una manipulaci\u00f3n del mercado de Peru-Net.<br \/>5.3. Las ofertas en las que se cobre una comisi\u00f3n en caso de conclusi\u00f3n de una transacci\u00f3n deber\u00e1n mencionarlo expl\u00edcitamente en la oferta.<br \/>5.4. Sin perjuicio de las posibles consecuencias civiles y penales para el proveedor individual, el incumplimiento de cualquiera de las obligaciones de conducta establecidas en esta secci\u00f3n faculta a Peru-Net a desactivar inmediatamente los anuncios y perfiles afectados. Si el incumplimiento es culposo, Peru-Net tambi\u00e9n tiene derecho a rescindir el contrato con el respectivo proveedor sin previo aviso por buena causa y a bloquear inmediatamente el acceso al sistema de base de datos de Peru-Net.<br \/>5.5. Los derechos del proveedor derivados del contrato con Peru-Net no son transferibles.<\/p><p><strong>6. Responsabilidad por el contenido<\/strong><\/p><p>6.1. El usuario es responsable del contenido que publica. En particular, garantiza que los contenidos no son ilegales y no infringen los derechos de terceros (por ejemplo, derechos de autor o derechos de marca). Peru-Net no est\u00e1 obligada a verificar si un contenido publicado infringe derechos de terceros o viola normativas legales. El usuario est\u00e1 obligado a corregir o eliminar el contenido que haya publicado si \u00e9ste no se ajusta a los requisitos para el dise\u00f1o de los anuncios. El usuario tambi\u00e9n deber\u00e1 asegurarse de que los archivos por \u00e9l transmitidos no contengan virus o programas da\u00f1inos similares.<br \/>6.2. Si Peru-Net es considerado responsable por terceros, incluidas instituciones estatales, en el \u00e1mbito de este contrato por la violaci\u00f3n de derechos de terceros u otras violaciones legales debido al uso contractual del contenido del usuario, el usuario deber\u00e1 indemnizar a Peru-Net de estas reclamaciones y Peru-Net brindar\u00e1 el apoyo necesario en la defensa legal, a la cual Peru-Net tiene derecho pero no est\u00e1 obligado, y asumir\u00e1 los costos necesarios de la defensa legal para Peru-Net. El requisito previo para ello es que Peru-Net informe al usuario de manera inmediata y completa por escrito sobre las reclamaciones y violaciones de la ley alegadas (el correo electr\u00f3nico es suficiente), no haga concesiones ni reconocimientos o declaraciones equivalentes a estas y permita al usuario completar todos los procedimientos judiciales y extrajudiciales. negociaciones a su propio costo sobre las reclamaciones. Peru-Net se reserva el derecho de hacer valer reclamaciones adicionales.<br \/>6.3. En caso de violaci\u00f3n a las normas descritas en este p\u00e1rrafo, Peru-Net tiene derecho en cualquier momento a rechazar el contenido o a eliminarlo o desactivarlo de forma inmediata y sin previa consulta al usuario. En caso de rechazo, eliminaci\u00f3n o desactivaci\u00f3n de un contenido, Peru-Net lo comunicar\u00e1 inmediatamente al usuario, expresando los motivos de tal hecho.<br \/>6.4. La obligaci\u00f3n del Usuario de pagar la remuneraci\u00f3n no se ver\u00e1 afectada por la aplicaci\u00f3n de las medidas a que se refiere este apartado.<\/p><p><strong>7. Derechos de uso<\/strong><\/p><p>Al cargar contenido a la base de datos, el usuario otorga a Peru-Net el derecho de utilizar dicho contenido indefinidamente para los fines necesarios para su carga y mantenimiento disponible en la base de datos y para su recuperaci\u00f3n por terceros, en particular para almacenar, reproducir, editar, modificar, mantener disponible, transmitir, publicar y poner a disposici\u00f3n del p\u00fablico, incluso a trav\u00e9s o en forma de anuncios en revistas, banners publicitarios en l\u00ednea de Peru-Net como parte del llamado marketing de retargeting, en el que se dirigen a los visitantes de los sitios web de Peru-Net con publicidad de productos y servicios que hayan visto previamente en los sitios web de Peru-Net.<\/p><p><strong>8. Derechos sobre la base de datos<\/strong><\/p><p>8.1. Peru-Net es el propietario legal de los contenidos del sitio web y de la base de datos. Todos los derechos de autor, marcas comerciales y otros derechos de propiedad intelectual sobre el trabajo de la base de datos, la base de datos y el contenido, datos y otros elementos aqu\u00ed publicados pertenecen exclusivamente a Peru-Net; Los derechos que el usuario pueda tener sobre el contenido que ha publicado no se ver\u00e1n afectados.<br \/>8.2. En el marco de estas condiciones de uso, el usuario tiene derecho a hacer visibles en su pantalla los registros de datos individuales exclusivamente mediante las m\u00e1scaras de b\u00fasqueda en l\u00ednea proporcionadas por Peru-Net y a realizar una impresi\u00f3n para su visualizaci\u00f3n permanente. No se permiten consultas automatizadas mediante scripts, eludir la m\u00e1scara de b\u00fasqueda mediante software de b\u00fasqueda o medidas similares.<br \/>8.3. El usuario no podr\u00e1 utilizar los datos obtenidos a trav\u00e9s de consultas en su totalidad, en parte o en extractos para crear su propia base de datos en cualquier soporte y\/o para la explotaci\u00f3n comercial de datos o suministro de informaci\u00f3n y\/o para cualquier otra explotaci\u00f3n comercial. No se permite la vinculaci\u00f3n, integraci\u00f3n u otra conexi\u00f3n de la base de datos o de elementos individuales de la base de datos con otras bases de datos o metabases de datos.<\/p><p><strong>9. Garant\u00eda<\/strong><\/p><p>9.1. Peru-Net no asume ninguna responsabilidad por la exactitud e integridad de la informaci\u00f3n y declaraciones realizadas por los usuarios, ni por la identidad e integridad de los usuarios.<br \/>9.2. Los contenidos o anuncios colocados en la base de datos son contenidos de terceros para Peru-Net en el sentido del art\u00edculo 8, p\u00e1rrafo 1, de la Ley de Telemedios (TMG). Por lo tanto, la responsabilidad legal de estos contenidos recae en la persona que los introdujo en la base de datos.<br \/>9.3. Peru-Net no asume ninguna responsabilidad por defectos t\u00e9cnicos, en particular por la disponibilidad constante e ininterrumpida de la base de datos y sus contenidos o por la reproducci\u00f3n completa y libre de errores de los contenidos ingresados \u200b\u200ben la base de datos por el usuario.<\/p><p><strong>10. Responsabilidad<\/strong><\/p><p>10.1 Lo siguiente se aplica a los da\u00f1os sufridos por el usuario en relaci\u00f3n con los servicios de Peru-Net por Peru-Net, subcontratistas o sus respectivos agentes indirectos:<br \/>En caso de dolo o negligencia grave, as\u00ed como en caso de garant\u00eda, la responsabilidad es ilimitada. En caso de negligencia leve, la responsabilidad tambi\u00e9n es ilimitada en caso de lesiones a la vida, al cuerpo o a la salud. En caso de incumplimiento por negligencia leve de obligaciones contractuales esenciales, la responsabilidad se limita a los da\u00f1os materiales y financieros resultantes hasta el importe del da\u00f1o previsible y habitual. Se excluye cualquier otra responsabilidad por da\u00f1os, salvo las reclamaciones en virtud de la Ley de Responsabilidad del Producto.<br \/>10.2 Peru-Net ser\u00e1 responsable de la p\u00e9rdida de datos y de los costes derivados de la introducci\u00f3n de datos in\u00fatiles en el marco de las disposiciones anteriores s\u00f3lo en la medida en que ello no hubiera podido evitarse incluso si el usuario hubiera guardado los datos en su posesi\u00f3n en el estado de procesamiento m\u00e1s reciente. en formato legible por m\u00e1quina.<br \/>10.3 Cualquier negligencia contributiva por parte del usuario deber\u00e1 tenerse en cuenta en todo caso. El usuario est\u00e1 especialmente obligado a comprobar la exactitud de los datos introducidos por \u00e9l y que son mostrados por Peru-Net, al menos mediante una \u00fanica consulta de b\u00fasqueda.<br \/>10.4 Peru-Net ofrece tanto a los usuarios como a los socios publicitarios la posibilidad de establecer \u201cenlaces\u201d a sitios web externos no operados por Peru-Net. Peru-Net deja claro que no es responsable del contenido de las p\u00e1ginas enlazadas y no tiene posibilidad de influir en su dise\u00f1o o contenido. Peru-Net no adopta como propios los contenidos de estas p\u00e1ginas y no asume ninguna responsabilidad por ellos. Los operadores de las p\u00e1ginas enlazadas son los \u00fanicos responsables de sus contenidos. No se puede esperar que Peru-Net monitoree el contenido sin evidencia concreta de contenido ilegal. El usuario deber\u00e1 notificar inmediatamente a Peru-Net si tiene conocimiento de p\u00e1ginas enlazadas cuyo contenido parezca cuestionable.<\/p><p><strong>11. Modificaci\u00f3n de las Condiciones Generales<\/strong><\/p><p>11.1 Peru-Net se reserva el derecho de cambiar estos T\u00e9rminos y Condiciones Generales en cualquier momento con un aviso razonable de al menos seis semanas. El anuncio se realizar\u00e1 mediante la publicaci\u00f3n de las Condiciones Generales modificadas, indicando la fecha de entrada en vigor, en Internet en el sitio web de Peru-Net.<br \/>11.2 Si el cliente no se opone dentro de las seis semanas siguientes a la publicaci\u00f3n, se considerar\u00e1n aceptados los t\u00e9rminos y condiciones modificados. En el anuncio del cambio se llama especial atenci\u00f3n a la importancia del plazo de seis semanas.<br \/>11.3 Si el cliente se opone a los t\u00e9rminos y condiciones modificados dentro del plazo, Peru-Net tiene derecho, salvaguardando los intereses leg\u00edtimos del cliente, a rescindir el contrato existente con el cliente en el momento en que el cambio entre en vigor. El contenido correspondiente del usuario ser\u00e1 luego eliminado de la base de datos. El usuario no podr\u00e1 hacer valer ning\u00fan tipo de reclamaci\u00f3n contra Peru-Net por este motivo.<\/p><p><strong>12. Disposiciones finales<\/strong><\/p><p>12.1 Las relaciones jur\u00eddicas entre Peru-Net y el usuario est\u00e1n sujetas al derecho de la Rep\u00fablica Federal de Alemania, con exclusi\u00f3n de la Convenci\u00f3n de las Naciones Unidas sobre los Contratos de Compraventa Internacional de Mercader\u00edas. En el caso de los consumidores, esta elecci\u00f3n de ley se aplicar\u00e1 \u00fanicamente en la medida en que la protecci\u00f3n concedida no sea retirada por disposiciones imperativas de la ley del pa\u00eds en el que el consumidor tenga su residencia habitual.<br \/>12.2 El lugar de jurisdicci\u00f3n es Frankfurt am Main si el usuario es un comerciante o una persona jur\u00eddica de derecho p\u00fablico o un fondo especial de derecho p\u00fablico. Lo mismo se aplica si el usuario no tiene un lugar de jurisdicci\u00f3n general en Alemania o la UE o si su lugar de residencia o domicilio habitual no se conoce en el momento de presentar la demanda. El derecho a someter el caso a un tribunal de otra jurisdicci\u00f3n legal no se ver\u00e1 afectado.<\/p>\t\t\t\t\t\t\t\t<\/div>\n\t\t\t\t<\/div>\n\t\t\t\t<div class=\"elementor-element elementor-element-d63e307 elementor-widget elementor-widget-spacer\" data-id=\"d63e307\" data-element_type=\"widget\" data-widget_type=\"spacer.default\">\n\t\t\t\t<div class=\"elementor-widget-container\">\n\t\t\t\t\t\t\t<div class=\"elementor-spacer\">\n\t\t\t<div class=\"elementor-spacer-inner\"><\/div>\n\t\t<\/div>\n\t\t\t\t\t\t<\/div>\n\t\t\t\t<\/div>\n\t\t\t\t\t<\/div>\n\t\t<\/div>\n\t\t\t\t\t<\/div>\n\t\t<\/div>\n\t\t\t\t<\/div>\n\t\t","protected":false},"excerpt":{"rendered":"<p>T\u00e9rminos y condiciones 1. \u00c1mbito de aplicaci\u00f3n Estos T\u00e9rminos y Condiciones Generales se aplican a todos los contratos celebrados entre Peru-Net y Relaciones jur\u00eddicas que surgen entre las empresas del grupo de empresas Ehrsam Peru-Consult GmbH (en adelante, &#8220;Peru-Net&#8221;) y el usuario de la oferta de Peru-Net (en adelante, &#8220;Usuario&#8221;) en el contexto del uso<\/p>\n","protected":false},"author":1,"featured_media":0,"parent":0,"menu_order":0,"comment_status":"closed","ping_status":"closed","template":"","meta":{"_rtcl_gb_attr":"","footnotes":""},"class_list":["post-3177","page","type-page","status-publish","hentry"],"_links":{"self":[{"href":"https:\/\/peru-net.de\/es\/wp-json\/wp\/v2\/pages\/3177","targetHints":{"allow":["GET"]}}],"collection":[{"href":"https:\/\/peru-net.de\/es\/wp-json\/wp\/v2\/pages"}],"about":[{"href":"https:\/\/peru-net.de\/es\/wp-json\/wp\/v2\/types\/page"}],"author":[{"embeddable":true,"href":"https:\/\/peru-net.de\/es\/wp-json\/wp\/v2\/users\/1"}],"replies":[{"embeddable":true,"href":"https:\/\/peru-net.de\/es\/wp-json\/wp\/v2\/comments?post=3177"}],"version-history":[{"count":6,"href":"https:\/\/peru-net.de\/es\/wp-json\/wp\/v2\/pages\/3177\/revisions"}],"predecessor-version":[{"id":3185,"href":"https:\/\/peru-net.de\/es\/wp-json\/wp\/v2\/pages\/3177\/revisions\/3185"}],"wp:attachment":[{"href":"https:\/\/peru-net.de\/es\/wp-json\/wp\/v2\/media?parent=3177"}],"curies":[{"name":"wp","href":"https:\/\/api.w.org\/{rel}","templated":true}]}}