{"id":3186,"date":"2018-08-28T08:09:10","date_gmt":"2018-08-28T06:09:10","guid":{"rendered":"https:\/\/peru-net.de\/faq\/"},"modified":"2025-01-20T12:34:32","modified_gmt":"2025-01-20T11:34:32","slug":"faq","status":"publish","type":"page","link":"https:\/\/peru-net.de\/es\/faq\/","title":{"rendered":"FAQ"},"content":{"rendered":"\t\t<div data-elementor-type=\"wp-post\" data-elementor-id=\"3186\" class=\"elementor elementor-3186 elementor-341\">\n\t\t\t\t\t\t<div class=\"elementor-section elementor-top-section elementor-element elementor-element-1792e3e elementor-section-boxed elementor-section-height-default elementor-section-height-default rt-parallax-bg-no\" data-id=\"1792e3e\" data-element_type=\"section\">\n\t\t\t\t\t\t<div class=\"elementor-container elementor-column-gap-default\">\n\t\t\t\t\t<div class=\"elementor-column elementor-col-100 elementor-top-column elementor-element elementor-element-2eb78f4\" data-id=\"2eb78f4\" data-element_type=\"column\">\n\t\t\t<div class=\"elementor-widget-wrap elementor-element-populated\">\n\t\t\t\t\t\t<div class=\"elementor-element elementor-element-201b6aa elementor-widget elementor-widget-heading\" data-id=\"201b6aa\" data-element_type=\"widget\" data-widget_type=\"heading.default\">\n\t\t\t\t<div class=\"elementor-widget-container\">\n\t\t\t\t\t<h3 class=\"elementor-heading-title elementor-size-default\">FAQ - Preguntas frecuentes <\/h3>\t\t\t\t<\/div>\n\t\t\t\t<\/div>\n\t\t\t\t\t<\/div>\n\t\t<\/div>\n\t\t\t\t\t<\/div>\n\t\t<\/div>\n\t\t\t\t<div class=\"elementor-section elementor-top-section elementor-element elementor-element-78806a9 elementor-section-boxed elementor-section-height-default elementor-section-height-default rt-parallax-bg-no\" data-id=\"78806a9\" data-element_type=\"section\">\n\t\t\t\t\t\t<div class=\"elementor-container elementor-column-gap-default\">\n\t\t\t\t\t<div class=\"elementor-column elementor-col-100 elementor-top-column elementor-element elementor-element-2517875\" data-id=\"2517875\" data-element_type=\"column\">\n\t\t\t<div class=\"elementor-widget-wrap elementor-element-populated\">\n\t\t\t\t\t\t<div class=\"elementor-element elementor-element-54f9dea elementor-widget elementor-widget-spacer\" data-id=\"54f9dea\" data-element_type=\"widget\" data-widget_type=\"spacer.default\">\n\t\t\t\t<div class=\"elementor-widget-container\">\n\t\t\t\t\t\t\t<div class=\"elementor-spacer\">\n\t\t\t<div class=\"elementor-spacer-inner\"><\/div>\n\t\t<\/div>\n\t\t\t\t\t\t<\/div>\n\t\t\t\t<\/div>\n\t\t\t\t<div class=\"elementor-element elementor-element-8509ea3 elementor-widget elementor-widget-rt-accordian\" data-id=\"8509ea3\" data-element_type=\"widget\" data-widget_type=\"rt-accordian.default\">\n\t\t\t\t<div class=\"elementor-widget-container\">\n\t\t\t\t\t<div class=\"rt-el-accordian\">\r\n\t<div class=\"accordion\" id=\"u-0-20423000-1775873032\">\r\n\t\t\t\t\t\t\t\t<div class=\"card\">\r\n\t\t\t\t<div class=\"card-header\">\r\n\t\t\t\t\t<a href=\"#\" class=\"collapsed\" data-toggle=\"collapse\" data-target=\"#u-0-20425000-1775873032\" aria-expanded=\"true\"> \u00bfQu\u00e9 significa plataforma en l\u00ednea?<\/a>\r\n\t\t\t\t<\/div>\r\n\t\t\t\t<div id=\"u-0-20425000-1775873032\" class=\"collapse\" data-parent=\"#u-0-20423000-1775873032\">\r\n\t\t\t\t\t<div class=\"card-body\"><p>Un mercado en l\u00ednea es una plataforma en la que est\u00e1n visibles numerosos productos de distintos proveedores. La principal ventaja de un mercado frente a una b\u00fasqueda individual es la gran variedad de socios y productos.<br \/>Todas las transacciones en la plataforma son gestionadas por el propietario del mercado. Las conversaciones, en cambio, las llevan a cabo los proveedores.<\/p><\/div>\r\n\t\t\t\t<\/div>\r\n\t\t\t<\/div>\r\n\t\t\t\t\t\t\t\t<div class=\"card\">\r\n\t\t\t\t<div class=\"card-header\">\r\n\t\t\t\t\t<a href=\"#\" class=\"collapsed\" data-toggle=\"collapse\" data-target=\"#u-0-20438800-1775873032\" aria-expanded=\"true\"> \u00bfQu\u00e9 ofrece realmente Peru-Net?<\/a>\r\n\t\t\t\t<\/div>\r\n\t\t\t\t<div id=\"u-0-20438800-1775873032\" class=\"collapse\" data-parent=\"#u-0-20423000-1775873032\">\r\n\t\t\t\t\t<div class=\"card-body\"><p>Peru-Net es un mercado en l\u00ednea y agrupa la diversa gama de productos ofrecidos por varios proveedores en cuatro categor\u00edas actuales: Textiles, Alimentos, Joyer\u00eda y Servicios.<\/p><\/div>\r\n\t\t\t\t<\/div>\r\n\t\t\t<\/div>\r\n\t\t\t\t\t\t\t\t<div class=\"card\">\r\n\t\t\t\t<div class=\"card-header\">\r\n\t\t\t\t\t<a href=\"#\" class=\"collapsed\" data-toggle=\"collapse\" data-target=\"#u-0-20442200-1775873032\" aria-expanded=\"true\"> \u00bfCu\u00e1nto cuesta Peru-Net?<\/a>\r\n\t\t\t\t<\/div>\r\n\t\t\t\t<div id=\"u-0-20442200-1775873032\" class=\"collapse\" data-parent=\"#u-0-20423000-1775873032\">\r\n\t\t\t\t\t<div class=\"card-body\"><p>Peru-Net es gratuito, tanto para los oferentes como para los demandantes, independientemente del n\u00famero de ofertas o demandas que se publiquen.<br \/>Como mercado en l\u00ednea para Per\u00fa y Alemania, queremos promover la creaci\u00f3n de redes entre ambos pa\u00edses.<\/p><\/div>\r\n\t\t\t\t<\/div>\r\n\t\t\t<\/div>\r\n\t\t\t\t\t\t\t\t<div class=\"card\">\r\n\t\t\t\t<div class=\"card-header\">\r\n\t\t\t\t\t<a href=\"#\" class=\"collapsed\" data-toggle=\"collapse\" data-target=\"#u-0-20445500-1775873032\" aria-expanded=\"true\"> \u00bfC\u00f3mo me ayuda Peru-Net como empresa?-Net als Unternehmer?<\/a>\r\n\t\t\t\t<\/div>\r\n\t\t\t\t<div id=\"u-0-20445500-1775873032\" class=\"collapse\" data-parent=\"#u-0-20423000-1775873032\">\r\n\t\t\t\t\t<div class=\"card-body\"><div class=\"card\"><div id=\"u-0-38071700-1737372033\" class=\"collapse show\" data-parent=\"#u-0-38056900-1737372033\"><div class=\"card-body\"><p>Peru-Net es un mercado en l\u00ednea que re\u00fane en una sola plataforma una amplia gama de productos de diversos proveedores. Lo que lo hace especial: S\u00f3lo ofrecemos productos de Per\u00fa y Alemania - adem\u00e1s de exportadores e importadores conocidos, tambi\u00e9n encontrar\u00e1s peque\u00f1as marcas y j\u00f3venes start-ups.<\/p><p>Los productos pueden ser uvas, aguacate, ar\u00e1ndanos, jengibre, quinua, ch\u00eda, nueces de Brasil, cacao, caf\u00e9, pisco, chilcano, maca, as\u00ed como polos, camisas, faldas, blusas, ropa de alpaca o programaci\u00f3n de software.<\/p><p>Nuestro objetivo es ofrecer una alternativa para cada necesidad de producto.<\/p><p>La gran ventaja para usted: Encontrar\u00e1 muchos proveedores diferentes en un solo lugar que de otra manera nunca habr\u00eda encontrado, o lo habr\u00eda hecho s\u00f3lo con gran dificultad.<\/p><\/div><\/div><\/div><\/div>\r\n\t\t\t\t<\/div>\r\n\t\t\t<\/div>\r\n\t\t\t\t\t\t\t\t<div class=\"card\">\r\n\t\t\t\t<div class=\"card-header\">\r\n\t\t\t\t\t<a href=\"#\" class=\"collapsed\" data-toggle=\"collapse\" data-target=\"#u-0-20460700-1775873032\" aria-expanded=\"true\"> \u00bfC\u00f3mo me ayuda Peru-Net si a\u00fan no he fundado una empresa?<\/a>\r\n\t\t\t\t<\/div>\r\n\t\t\t\t<div id=\"u-0-20460700-1775873032\" class=\"collapse\" data-parent=\"#u-0-20423000-1775873032\">\r\n\t\t\t\t\t<div class=\"card-body\"><p>Peru-Net es un mercado en l\u00ednea que re\u00fane en una sola plataforma una amplia gama de productos de diversos proveedores. Lo que lo hace especial: S\u00f3lo ofrecemos productos de Per\u00fa y Alemania - adem\u00e1s de exportadores e importadores conocidos, tambi\u00e9n encontrar\u00e1s peque\u00f1as marcas y j\u00f3venes start-ups.<\/p><p>Los productos pueden ser cacao, pisco, quinua, ch\u00eda, maca, as\u00ed como polos, camisas, faldas, blusas, ropa de alpaca, joyas de plata, marcos, cuadros, artesan\u00eda o dise\u00f1o web y coaching.<\/p><p>Nuestro objetivo es ofrecer una alternativa para cada necesidad de producto.<\/p><p>La gran ventaja para usted: Encontrar\u00e1 muchos proveedores diferentes en un solo lugar que de otra manera nunca hubiera encontrado o hubiera encontrado s\u00f3lo con gran dificultad.<\/p><\/div>\r\n\t\t\t\t<\/div>\r\n\t\t\t<\/div>\r\n\t\t\t\t\t\t\t\t<div class=\"card\">\r\n\t\t\t\t<div class=\"card-header\">\r\n\t\t\t\t\t<a href=\"#\" class=\"collapsed\" data-toggle=\"collapse\" data-target=\"#u-0-20465800-1775873032\" aria-expanded=\"true\"> \u00bfA qui\u00e9n puedo contactar si tengo m\u00e1s preguntas?<\/a>\r\n\t\t\t\t<\/div>\r\n\t\t\t\t<div id=\"u-0-20465800-1775873032\" class=\"collapse\" data-parent=\"#u-0-20423000-1775873032\">\r\n\t\t\t\t\t<div class=\"card-body\"><p>P\u00f3nte en contacto con <a href=\"mailto:hallo@peru-net.de\">hallo@peru-net.de<\/a> con toda confianza. Recibir\u00e1 una respuesta el mismo d\u00eda.<\/p><\/div>\r\n\t\t\t\t<\/div>\r\n\t\t\t<\/div>\r\n\t\t\t<\/div>\r\n<\/div>\t\t\t\t<\/div>\n\t\t\t\t<\/div>\n\t\t\t\t\t<\/div>\n\t\t<\/div>\n\t\t\t\t\t<\/div>\n\t\t<\/div>\n\t\t\t\t<\/div>\n\t\t","protected":false},"excerpt":{"rendered":"<p>FAQ &#8211; Preguntas frecuentes \u00bfQu\u00e9 significa plataforma en l\u00ednea? Un mercado en l\u00ednea es una plataforma en la que est\u00e1n visibles numerosos productos de distintos proveedores. La principal ventaja de un mercado frente a una b\u00fasqueda individual es la gran variedad de socios y productos.Todas las transacciones en la plataforma son gestionadas por el propietario<\/p>\n","protected":false},"author":1,"featured_media":0,"parent":0,"menu_order":0,"comment_status":"closed","ping_status":"closed","template":"","meta":{"_rtcl_gb_attr":"","footnotes":""},"class_list":["post-3186","page","type-page","status-publish","hentry"],"_links":{"self":[{"href":"https:\/\/peru-net.de\/es\/wp-json\/wp\/v2\/pages\/3186","targetHints":{"allow":["GET"]}}],"collection":[{"href":"https:\/\/peru-net.de\/es\/wp-json\/wp\/v2\/pages"}],"about":[{"href":"https:\/\/peru-net.de\/es\/wp-json\/wp\/v2\/types\/page"}],"author":[{"embeddable":true,"href":"https:\/\/peru-net.de\/es\/wp-json\/wp\/v2\/users\/1"}],"replies":[{"embeddable":true,"href":"https:\/\/peru-net.de\/es\/wp-json\/wp\/v2\/comments?post=3186"}],"version-history":[{"count":4,"href":"https:\/\/peru-net.de\/es\/wp-json\/wp\/v2\/pages\/3186\/revisions"}],"predecessor-version":[{"id":3222,"href":"https:\/\/peru-net.de\/es\/wp-json\/wp\/v2\/pages\/3186\/revisions\/3222"}],"wp:attachment":[{"href":"https:\/\/peru-net.de\/es\/wp-json\/wp\/v2\/media?parent=3186"}],"curies":[{"name":"wp","href":"https:\/\/api.w.org\/{rel}","templated":true}]}}