{"id":3188,"date":"2024-06-21T13:02:28","date_gmt":"2024-06-21T11:02:28","guid":{"rendered":"https:\/\/peru-net.de\/aviso-legal\/"},"modified":"2025-01-16T18:10:15","modified_gmt":"2025-01-16T17:10:15","slug":"aviso-legal","status":"publish","type":"page","link":"https:\/\/peru-net.de\/es\/aviso-legal\/","title":{"rendered":"Aviso legal"},"content":{"rendered":"\t\t<div data-elementor-type=\"wp-post\" data-elementor-id=\"3188\" class=\"elementor elementor-3188 elementor-2773\">\n\t\t\t\t\t\t<div class=\"elementor-section elementor-top-section elementor-element elementor-element-1792e3e elementor-section-boxed elementor-section-height-default elementor-section-height-default rt-parallax-bg-no\" data-id=\"1792e3e\" data-element_type=\"section\">\n\t\t\t\t\t\t<div class=\"elementor-container elementor-column-gap-default\">\n\t\t\t\t\t<div class=\"elementor-column elementor-col-100 elementor-top-column elementor-element elementor-element-2eb78f4\" data-id=\"2eb78f4\" data-element_type=\"column\">\n\t\t\t<div class=\"elementor-widget-wrap elementor-element-populated\">\n\t\t\t\t\t\t<div class=\"elementor-element elementor-element-201b6aa elementor-widget elementor-widget-heading\" data-id=\"201b6aa\" data-element_type=\"widget\" data-widget_type=\"heading.default\">\n\t\t\t\t<div class=\"elementor-widget-container\">\n\t\t\t\t\t<h3 class=\"elementor-heading-title elementor-size-default\">Aviso legal<\/h3>\t\t\t\t<\/div>\n\t\t\t\t<\/div>\n\t\t\t\t<div class=\"elementor-element elementor-element-6c82312 elementor-widget elementor-widget-text-editor\" data-id=\"6c82312\" data-element_type=\"widget\" data-widget_type=\"text-editor.default\">\n\t\t\t\t<div class=\"elementor-widget-container\">\n\t\t\t\t\t\t\t\t\t<p>Informaci\u00f3n de la empresa seg\u00fan \u00a75 TMG:<\/p>\n<p>Peru-Net<br \/>Empresas del grupo<br \/>Ehrsam Per\u00fa-Consult GmbH<br \/>Direcci\u00f3n: Erika Ehrsam<br \/>An den M\u00fchlwegen 48<br \/>60439 Fr\u00e1ncfort<\/p>\n<p>Tel\u00e9fono: 01573 6487 661<br \/>Internet: www.peru-net.de<br \/>Correo electr\u00f3nico: hallo@peru-net.de<\/p>\n<p>Responsable del contenido seg\u00fan el art\u00edculo 55, apartado 2 del RStV:<br \/>Holger Ehrsam<br \/>An den M\u00fchlwegen 48<br \/>60439 Fr\u00e1ncfort <\/p>\n\t\t\t\t\t\t\t\t<\/div>\n\t\t\t\t<\/div>\n\t\t\t\t<div class=\"elementor-element elementor-element-d63e307 elementor-widget elementor-widget-spacer\" data-id=\"d63e307\" data-element_type=\"widget\" data-widget_type=\"spacer.default\">\n\t\t\t\t<div class=\"elementor-widget-container\">\n\t\t\t\t\t\t\t<div class=\"elementor-spacer\">\n\t\t\t<div class=\"elementor-spacer-inner\"><\/div>\n\t\t<\/div>\n\t\t\t\t\t\t<\/div>\n\t\t\t\t<\/div>\n\t\t\t\t\t<\/div>\n\t\t<\/div>\n\t\t\t\t\t<\/div>\n\t\t<\/div>\n\t\t\t\t<\/div>\n\t\t","protected":false},"excerpt":{"rendered":"<p>Aviso legal Informaci\u00f3n de la empresa seg\u00fan \u00a75 TMG: Peru-NetEmpresas del grupoEhrsam Per\u00fa-Consult GmbHDirecci\u00f3n: Erika EhrsamAn den M\u00fchlwegen 4860439 Fr\u00e1ncfort Tel\u00e9fono: 01573 6487 661Internet: www.peru-net.deCorreo electr\u00f3nico: hallo@peru-net.de Responsable del contenido seg\u00fan el art\u00edculo 55, apartado 2 del RStV:Holger EhrsamAn den M\u00fchlwegen 4860439 Fr\u00e1ncfort<\/p>\n","protected":false},"author":1,"featured_media":0,"parent":0,"menu_order":0,"comment_status":"closed","ping_status":"closed","template":"","meta":{"_rtcl_gb_attr":"","footnotes":""},"class_list":["post-3188","page","type-page","status-publish","hentry"],"_links":{"self":[{"href":"https:\/\/peru-net.de\/es\/wp-json\/wp\/v2\/pages\/3188","targetHints":{"allow":["GET"]}}],"collection":[{"href":"https:\/\/peru-net.de\/es\/wp-json\/wp\/v2\/pages"}],"about":[{"href":"https:\/\/peru-net.de\/es\/wp-json\/wp\/v2\/types\/page"}],"author":[{"embeddable":true,"href":"https:\/\/peru-net.de\/es\/wp-json\/wp\/v2\/users\/1"}],"replies":[{"embeddable":true,"href":"https:\/\/peru-net.de\/es\/wp-json\/wp\/v2\/comments?post=3188"}],"version-history":[{"count":1,"href":"https:\/\/peru-net.de\/es\/wp-json\/wp\/v2\/pages\/3188\/revisions"}],"predecessor-version":[{"id":3189,"href":"https:\/\/peru-net.de\/es\/wp-json\/wp\/v2\/pages\/3188\/revisions\/3189"}],"wp:attachment":[{"href":"https:\/\/peru-net.de\/es\/wp-json\/wp\/v2\/media?parent=3188"}],"curies":[{"name":"wp","href":"https:\/\/api.w.org\/{rel}","templated":true}]}}