{"id":3192,"date":"2018-07-06T09:38:50","date_gmt":"2018-07-06T07:38:50","guid":{"rendered":"https:\/\/peru-net.de\/mi-cuenta\/"},"modified":"2018-07-06T09:38:50","modified_gmt":"2018-07-06T07:38:50","slug":"mi-cuenta","status":"publish","type":"page","link":"https:\/\/peru-net.de\/es\/mi-cuenta\/","title":{"rendered":"Mi Cuenta"},"content":{"rendered":"<div class=\"rtcl\">\n<div id=\"rtcl-user-login-wrapper\" class=\"have-registration-form\">\n    \n\t\t\n\t<div class=\"rtcl-login-form-wrap\">\n        <h2>Iniciar sesi\u00f3n<\/h2>\n        <form id=\"rtcl-login-form\" class=\"form-horizontal\" method=\"post\">\n\t\t\t            <div class=\"rtcl-form-group\">\n                <label for=\"rtcl-user-login\" class=\"rtcl-field-label\">\n\t\t\t\t\tNombre de usuario o correo electr\u00f3nico                    <strong class=\"rtcl-required\">*<\/strong>\n                <\/label>\n                <input type=\"text\" name=\"username\" autocomplete=\"username\"\n                       value=\"\"\n                       id=\"rtcl-user-login\" class=\"rtcl-form-control\" required\/>\n            <\/div>\n\n            <div class=\"rtcl-form-group\">\n                <label for=\"rtcl-user-pass\" class=\"rtcl-field-label\">\n\t\t\t\t\tContrase\u00f1a                    <strong class=\"rtcl-required\">*<\/strong>\n                <\/label>\n                <div class=\"rtcl-user-pass-wrap\">\n\t\t\t\t\t<input type=\"password\" name=\"password\" id=\"rtcl-user-pass\" autocomplete=\"current-password\"\n\t\t\t\t\t\t   class=\"rtcl-form-control\" required\/>\n\t\t\t\t\t<span class=\"rtcl-toggle-pass rtcl-icon-eye-off\"><\/span>\n\t\t\t\t<\/div>\n            <\/div>\n\n\t\t\t\n            <div class=\"rtcl-form-group\">\n                <div id=\"rtcl-login-g-recaptcha\"><\/div>\n                <div id=\"rtcl-login-g-recaptcha-message\"><\/div>\n            <\/div>\n\n            <div class=\"rtcl-form-group rtcl-login-form-submit-wrap\">\n\n                <button type=\"submit\" name=\"rtcl-login\" class=\"rtcl-btn\" value=\"login\">\n\t\t\t\t\tIniciar sesi\u00f3n                <\/button>\n                <div class=\"form-check\">\n                    <input type=\"checkbox\" name=\"rememberme\" id=\"rtcl-rememberme\" value=\"forever\">\n                    <label class=\"rtcl-form-check-label\" for=\"rtcl-rememberme\">\n\t\t\t\t\t\tAcu\u00e9rdate                    <\/label>\n                <\/div>\n            <\/div>\n            <div class=\"rtcl-form-group rtcl-form-group-no-margin-bottom\">\n                <p class=\"rtcl-forgot-password\">\n\t\t\t\t\t                    <a href=\"https:\/\/peru-net.de\/es\/mi-cuenta\/lost-password\/\">\u00bfOlvidaste tu contrase\u00f1a?<\/a>\n                <\/p>\n            <\/div>\n\t\t\t<input type=\"hidden\" id=\"rtcl-login-nonce\" name=\"rtcl-login-nonce\" value=\"09e262fcee\" \/><input type=\"hidden\" name=\"_wp_http_referer\" value=\"\/es\/wp-json\/wp\/v2\/pages\/3192\" \/><input type=\"hidden\" name=\"redirect_to\" value=\"https:\/\/peru-net.de\/es\/wp-json\/wp\/v2\/pages\/3192\" \/>        <\/form>\n    <\/div>\n\t        <div class=\"rtcl-registration-form-wrap\">\n\n            <h2>Registrar<\/h2>\n\n            <form id=\"rtcl-register-form\" class=\"form-horizontal\" method=\"post\">\n\n\t\t\t\t\n                <div class=\"rtcl-form-group\">\n                    <label for=\"rtcl-reg-username\" class=\"rtcl-field-label\">\n\t\t\t\t\t\tNombre de usuario                        <strong class=\"rtcl-required\">*<\/strong>\n                    <\/label>\n                    <input type=\"text\" name=\"username\"\n                           value=\"\"\n                           autocomplete=\"username\" id=\"rtcl-reg-username\" class=\"rtcl-form-control\" required\/>\n                    <span class=\"help-block\">El nombre de usuario no se puede cambiar.<\/span>\n                <\/div>\n\n                <div class=\"rtcl-form-group\">\n                    <label for=\"rtcl-reg-email\" class=\"rtcl-field-label\">\n\t\t\t\t\t\tEmail address                        <strong class=\"rtcl-required\">*<\/strong>\n                    <\/label>\n                    <input type=\"email\" name=\"email\"\n                           value=\"\"\n                           autocomplete=\"email\" id=\"rtcl-reg-email\" class=\"rtcl-form-control\" required\/>\n                <\/div>\n\n                <div class=\"rtcl-form-group\">\n                    <label for=\"rtcl-reg-password\" class=\"rtcl-field-label\">\n\t\t\t\t\t\tContrase\u00f1a                        <strong class=\"rtcl-required\">*<\/strong>\n                    <\/label>\n                    <input type=\"password\" name=\"password\" id=\"rtcl-reg-password\" autocomplete=\"new-password\"\n                           class=\"rtcl-form-control rtcl-password\" required\/>\n                <\/div>\n\n                <div class=\"rtcl-form-group\">\n                    <label for=\"rtcl-reg-confirm-password\" class=\"rtcl-field-label\">\n\t\t\t\t\t\tConfirm Password                        <strong class=\"rtcl-required\">*<\/strong>\n                    <\/label>\n                    <div class=\"confirm-password-wrap\">\n                        <input type=\"password\" name=\"pass2\" id=\"rtcl-reg-confirm-password\" class=\"rtcl-form-control\"\n                               autocomplete=\"off\"\n                               data-rule-equalTo=\"#rtcl-reg-password\"\n                               data-msg-equalTo=\"Password does not match.\" required\/>\n                        <span class=\"rtcl-checkmark\"><\/span>\n                    <\/div>\n                <\/div>\n\n\t\t\t\t\n\t\t<div class=\"form-group rtcl-privacy-policy-wrap\">\n\t\t\t<div class=\"form-check\">\n\t\t\t\t<input id=\"rtcl-privacy-policy\" name=\"rtcl_privacy_policy\" type=\"checkbox\" class=\"form-check-input\"\n\t\t\t\t\t   required>\n\t\t\t\t<label class=\"rtcl-form-check-label\" for=\"rtcl-privacy-policy\">\n\t\t\t\t\t<div id=\"de\">Ihre pers\u00f6nlichen Daten werden verwendet, um Ihr Erlebnis auf dieser Webseite zu unterst\u00fctzen, den Zugriff auf Ihr Konto zu verwalten und f\u00fcr andere in unsere beschriebene Zwecke, mehr unter <a href=\"https:\/\/peru-net.de\/datenschutz\/\">Datenschutz<\/a>.<\/div>\n<div id=\"es\">Su informaci\u00f3n personal se utilizar\u00e1 para respaldar su experiencia en este sitio web, administrar el acceso a su cuenta y para otros fines descritos en nuestra <a href=\"https:\/\/peru-net.de\/es\/proteccion-de-datos\/\">pol\u00edtica de privacidad<\/a>.<\/div>\n\t\t\t\t<\/label>\n\t\t\t\t<div class=\"with-errors help-block\"\n\t\t\t\t\t data-error=\"This field is required\"><\/div>\n\t\t\t<\/div>\n\t\t<\/div>\n\t\t\n\t<div class=\"rtcl-registration-terms-conditions\">\n\t\t\t\t<div class=\"rtcl-form-group\">\n\t\t\t<div class=\"form-check\">\n\t\t\t\t<input type=\"checkbox\"\n\t\t\t\t\t   class=\"form-check-input\"\n\t\t\t\t\t   name=\"rtcl_terms_conditions\"\n\t\t\t\t\t   id=\"rtcl-terms-conditions\"\n\t\t\t\t\t   required\n\t\t\t\t\t\t\t\t\t>\n\t\t\t\t<label class=\"rtcl-form-check-label\" for=\"rtcl-terms-conditions\">\n\t\t\t\t\t<div id=\"de\">Ich habe die <a href=\"https:\/\/peru-net.de\/agb\/\">AGB<\/a> gelesen.<\/div>\r\n<div id=\"es\">He le\u00eddo los <a href=\"https:\/\/peru-net.de\/es\/tc\/\">t\u00e9rminos y condiciones<\/a>.<\/div>\t\t\t\t<\/label>\n\t\t\t\t<div class=\"with-errors help-block\"\n\t\t\t\t\t data-error=\"This field is required\"><\/div>\n\t\t\t<\/div>\n\t\t<\/div>\n\t<\/div>\n\t\n                <div class=\"rtcl-form-group rtcl-form-group-no-margin-bottom\">\n                    <div id=\"rtcl-registration-g-recaptcha\"><\/div>\n                    <div id=\"rtcl-registration-g-recaptcha-message\"><\/div>\n                    <input type=\"submit\" name=\"rtcl-register\" class=\"rtcl-btn\"\n                           value=\"Registrar\"\/>\n                <\/div>\n\t\t\t\t<input type=\"hidden\" id=\"rtcl-register-nonce\" name=\"rtcl-register-nonce\" value=\"d0bc94e8aa\" \/><input type=\"hidden\" name=\"_wp_http_referer\" value=\"\/es\/wp-json\/wp\/v2\/pages\/3192\" \/><input type=\"hidden\" name=\"redirect_to\" value=\"https:\/\/peru-net.de\/es\/wp-json\/wp\/v2\/pages\/3192\" \/>            <\/form>\n        <\/div>\n\t<\/div>\n<\/div>\n","protected":false},"excerpt":{"rendered":"","protected":false},"author":1,"featured_media":0,"parent":0,"menu_order":0,"comment_status":"closed","ping_status":"closed","template":"","meta":{"_rtcl_gb_attr":"","footnotes":""},"class_list":["post-3192","page","type-page","status-publish","hentry"],"_links":{"self":[{"href":"https:\/\/peru-net.de\/es\/wp-json\/wp\/v2\/pages\/3192","targetHints":{"allow":["GET"]}}],"collection":[{"href":"https:\/\/peru-net.de\/es\/wp-json\/wp\/v2\/pages"}],"about":[{"href":"https:\/\/peru-net.de\/es\/wp-json\/wp\/v2\/types\/page"}],"author":[{"embeddable":true,"href":"https:\/\/peru-net.de\/es\/wp-json\/wp\/v2\/users\/1"}],"replies":[{"embeddable":true,"href":"https:\/\/peru-net.de\/es\/wp-json\/wp\/v2\/comments?post=3192"}],"version-history":[{"count":0,"href":"https:\/\/peru-net.de\/es\/wp-json\/wp\/v2\/pages\/3192\/revisions"}],"wp:attachment":[{"href":"https:\/\/peru-net.de\/es\/wp-json\/wp\/v2\/media?parent=3192"}],"curies":[{"name":"wp","href":"https:\/\/api.w.org\/{rel}","templated":true}]}}